{"id":141,"date":"2024-11-12T10:46:52","date_gmt":"2024-11-12T10:46:52","guid":{"rendered":"https:\/\/saveonebespoke.com\/?page_id=141"},"modified":"2024-12-05T08:46:12","modified_gmt":"2024-12-05T08:46:12","slug":"metodi-di-pagamento","status":"publish","type":"page","link":"https:\/\/saveonebespoke.com\/it\/metodi-di-pagamento\/","title":{"rendered":"Metodi di Pagamento"},"content":{"rendered":"\n<p><strong>Metodi di pagamento<\/strong><\/p>\n\n\n\n<p>Al termine della selezione delle personalizzazioni e dell&#8217;inserimento delle misure anatomiche, sar\u00e0 richiesto al cliente di confermare l&#8217;ordine e procedere con il pagamento.<\/p>\n\n\n\n<p><strong>Quali metodi di pagamento sono disponibili?<\/strong><\/p>\n\n\n\n<ul class=\"wp-block-list\">\n<li><strong>APPLE PAY<\/strong><br>Se stai navigando da un dispositivo Apple compatibile con Apple Pay e possiedi una carta di credito o debito abilitata, puoi completare l\u2019acquisto in modo rapido e sicuro. Con questa opzione, il pagamento pu\u00f2 essere effettuato direttamente dal carrello senza necessit\u00e0 di registrazione (la registrazione avverr\u00e0 automaticamente dopo la conferma del pagamento).<\/li>\n\n\n\n<li><strong>CARTE DI CREDITO<\/strong><br>Accettiamo pagamenti tramite Visa, Mastercard, Diners Club International e American Express.<\/li>\n\n\n\n<li><strong>PAYPAL<\/strong><br>Con PayPal, il pagamento \u00e8 semplice e sicuro: \u00e8 sufficiente inserire l\u2019email e la password associate al tuo account PayPal, senza dover fornire il numero della carta di credito.<\/li>\n\n\n\n<li><strong>BONIFICO BANCARIO<\/strong><br>Se scegli il bonifico bancario come metodo di pagamento, il sistema ti guider\u00e0 attraverso la procedura tramite Stripe. Durante il processo, ti verr\u00e0 richiesto di inserire nome, cognome e IBAN, e l\u2019importo verr\u00e0 addebitato. Una volta completato il pagamento, l&#8217;ordine sar\u00e0 confermato.<\/li>\n<\/ul>\n\n\n\n<p><strong>Come \u00e8 garantita la sicurezza dei pagamenti?<\/strong><\/p>\n\n\n\n<p>Saveone adotta tutte le precauzioni necessarie per proteggere i tuoi dati personali, non memorizzando mai le informazioni relative alle carte di credito. La sicurezza delle transazioni \u00e8 ulteriormente garantita dall&#8217;uso della crittografia SSL, che rende i tuoi dati illeggibili a terzi durante ogni transazione sul nostro sito.<\/p>\n\n\n\n<p><strong>Come e quando posso richiedere la fatturazione?<\/strong><\/p>\n\n\n\n<p>La richiesta di fattura deve essere effettuata durante il pagamento, nella sezione \u201cFatturazione\u201d. Non \u00e8 possibile richiedere la fattura dopo il completamento dell\u2019acquisto.<\/p>\n","protected":false},"excerpt":{"rendered":"<p>Metodi di pagamento Al termine della selezione delle personalizzazioni e dell&#8217;inserimento delle misure anatomiche, sar\u00e0 richiesto al cliente di confermare l&#8217;ordine e procedere con il pagamento. Quali metodi di pagamento sono disponibili? Come \u00e8 garantita la sicurezza dei pagamenti? Saveone adotta tutte le precauzioni necessarie per proteggere i tuoi dati personali, non memorizzando mai le&hellip; <a class=\"more-link\" href=\"https:\/\/saveonebespoke.com\/it\/metodi-di-pagamento\/\">Continue reading <span class=\"screen-reader-text\">Metodi di Pagamento<\/span><\/a><\/p>\n","protected":false},"author":1,"featured_media":0,"parent":0,"menu_order":0,"comment_status":"closed","ping_status":"closed","template":"template-side_menu.php","meta":{"footnotes":""},"class_list":["post-141","page","type-page","status-publish","hentry","entry"],"_links":{"self":[{"href":"https:\/\/saveonebespoke.com\/it\/wp-json\/wp\/v2\/pages\/141","targetHints":{"allow":["GET"]}}],"collection":[{"href":"https:\/\/saveonebespoke.com\/it\/wp-json\/wp\/v2\/pages"}],"about":[{"href":"https:\/\/saveonebespoke.com\/it\/wp-json\/wp\/v2\/types\/page"}],"author":[{"embeddable":true,"href":"https:\/\/saveonebespoke.com\/it\/wp-json\/wp\/v2\/users\/1"}],"replies":[{"embeddable":true,"href":"https:\/\/saveonebespoke.com\/it\/wp-json\/wp\/v2\/comments?post=141"}],"version-history":[{"count":2,"href":"https:\/\/saveonebespoke.com\/it\/wp-json\/wp\/v2\/pages\/141\/revisions"}],"predecessor-version":[{"id":528,"href":"https:\/\/saveonebespoke.com\/it\/wp-json\/wp\/v2\/pages\/141\/revisions\/528"}],"wp:attachment":[{"href":"https:\/\/saveonebespoke.com\/it\/wp-json\/wp\/v2\/media?parent=141"}],"curies":[{"name":"wp","href":"https:\/\/api.w.org\/{rel}","templated":true}]}}