{"id":46,"date":"2024-11-11T15:55:33","date_gmt":"2024-11-11T15:55:33","guid":{"rendered":"https:\/\/saveonebespoke.com\/?page_id=46"},"modified":"2024-11-26T19:53:26","modified_gmt":"2024-11-26T19:53:26","slug":"come-prendere-le-misure","status":"publish","type":"page","link":"https:\/\/saveonebespoke.com\/it\/come-prendere-le-misure\/","title":{"rendered":"Come prendere le misure"},"content":{"rendered":"\n<div class=\"wp-block-cover alignfull is-light cvr_txt right cprt_tlr\" style=\"min-height:700px;aspect-ratio:unset;\"><span aria-hidden=\"true\" class=\"wp-block-cover__background has-background-dim-0 has-background-dim\" style=\"background-color:#cecbba\"><\/span><img loading=\"lazy\" decoding=\"async\" width=\"2000\" height=\"1333\" class=\"wp-block-cover__image-background wp-image-223\" alt=\"\" src=\"https:\/\/saveonebespoke.com\/wp-content\/uploads\/2024\/11\/measuring-tape-thread-and-tags.webp\" style=\"object-position:50% 50%\" data-object-fit=\"cover\" data-object-position=\"50% 50%\" srcset=\"https:\/\/saveonebespoke.com\/wp-content\/uploads\/2024\/11\/measuring-tape-thread-and-tags.webp 2000w, https:\/\/saveonebespoke.com\/wp-content\/uploads\/2024\/11\/measuring-tape-thread-and-tags-300x200.webp 300w, https:\/\/saveonebespoke.com\/wp-content\/uploads\/2024\/11\/measuring-tape-thread-and-tags-1024x682.webp 1024w, https:\/\/saveonebespoke.com\/wp-content\/uploads\/2024\/11\/measuring-tape-thread-and-tags-768x512.webp 768w, https:\/\/saveonebespoke.com\/wp-content\/uploads\/2024\/11\/measuring-tape-thread-and-tags-1536x1024.webp 1536w, https:\/\/saveonebespoke.com\/wp-content\/uploads\/2024\/11\/measuring-tape-thread-and-tags-1568x1045.webp 1568w\" sizes=\"auto, (max-width: 2000px) 100vw, 2000px\" \/><div class=\"wp-block-cover__inner-container is-layout-constrained wp-block-cover-is-layout-constrained\">\n<div class=\"wp-block-group dvtrv-text-top has-white-background-color has-background\"><div class=\"wp-block-group__inner-container is-layout-constrained wp-block-group-is-layout-constrained\">\n<h2 class=\"wp-block-heading has-text-align-center has-black-color has-text-color has-link-color wp-elements-d429f50442a38cd7a6d1041841a52594\" style=\"font-size:13px\">IL TUO PROSSIMO ABITO SU MISURA<\/h2>\n\n\n\n<h3 class=\"wp-block-heading has-text-align-center has-dark-gray-color has-text-color has-link-color wp-elements-7636066ddfdc8d6db81594dbe8b38ad4\" style=\"font-size:36px\">COME PRENDE LEMISURE<\/h3>\n\n\n\n<p class=\"has-text-align-center has-black-color has-text-color has-link-color wp-elements-5c5adbe3e85a036ab6454d9d63512967\" style=\"font-size:15px\">Anche se non hai esperienza in sartoria o \u00e8 la tua prima volta con un metro da sarto, seguendo queste semplici istruzioni passo dopo passo, riuscirai a prendere le misure sartoriali necessarie e a salvarle nel tuo profilo Saveone. Cosa ti serve? Un amico e un metro da sarto; al resto penseremo noi.<\/p>\n<\/div><\/div>\n<\/div><\/div>\n\n\n\n<h2 class=\"wp-block-heading has-text-align-center tlr-heading-h2 mt-90\" style=\"font-size:13px\">PRIMA DI INIZIARE<\/h2>\n\n\n\n<h3 class=\"wp-block-heading has-text-align-center tlr-heading-h3\" style=\"font-size:48px\">QUALCHE CONSIGLIO<br><\/h3>\n\n\n\n<p class=\"has-text-align-center has-extra-small-font-size\">Questa breve guida e il nostro video tutorial ti spiegheranno come prendere le misure del corpo maschile in soli 10-15 minuti, evitando qualsiasi errore.<\/p>\n\n\n\n<ol class=\"wp-block-list\">\n<li class=\"has-extra-small-font-size\">Prima di iniziare a prendere le misure, indossa una camicia o una maglietta leggera e assicurati di svuotare le tasche dei pantaloni;<\/li>\n\n\n\n<li class=\"has-extra-small-font-size\">Quando misuri le circonferenze, \u00e8 importante mantenere il metro ben allineato in orizzontale, evitando che si inclini o si sposti. Assicurati che il metro aderisca al corpo senza stringere troppo;<\/li>\n\n\n\n<li class=\"has-extra-small-font-size\">Fai attenzione a utilizzare correttamente il metro, partendo dall&#8217;estremit\u00e0 giusta, un errore che pu\u00f2 capitare pi\u00f9 spesso di quanto si pensi;<\/li>\n\n\n\n<li class=\"has-extra-small-font-size\">Inserisci nel tuo profilo le misure esatte, senza aggiungere o sottrarre centimetri. Se desideri una vestibilit\u00e0 pi\u00f9 o meno aderente, sar\u00e0 nostro compito adattare il capo alle tue preferenze;<\/li>\n\n\n\n<li class=\"has-extra-small-font-size\">Tranne che per la Lunghezza Schiena, evita di usare le misure di altri capi che gi\u00e0 ti vestono bene. Utilizza esclusivamente le misure relative al tuo corpo;<\/li>\n\n\n\n<li class=\"has-extra-small-font-size\">Poich\u00e9 il corpo umano non \u00e8 perfettamente simmetrico, in alcuni casi ti sar\u00e0 richiesto di misurare entrambi gli arti. Questo garantir\u00e0 una vestibilit\u00e0 pi\u00f9 accurata e su misura.<\/li>\n<\/ol>\n\n\n\n<h2 class=\"wp-block-heading has-text-align-center tlr-heading-h2 mt-90\" style=\"font-size:13px\">INIZIAMO DA QUI<\/h2>\n\n\n\n<h3 class=\"wp-block-heading has-text-align-center tlr-heading-h3\" style=\"font-size:48px\">IN 12 SEMPLICI PASSAGGI<\/h3>\n\n\n\n<p class=\"has-text-align-center has-extra-small-font-size\">Ecco l&#8217;elenco completo delle 12 misure fondamentali e le 5 indicazioni di corporatura di cui i nostri sarti hanno bisogno. Ti invitiamo a leggere attentamente tutte le istruzioni e, una volta pronto, potrai accedere al video tutorial tramite il pulsante in fondo alla pagina.<\/p>\n\n\n\n<p class=\"has-text-align-center has-extra-small-font-size\">Alla fine del video, avrai la possibilit\u00e0 di salvare le tue misure anatomiche, permettendoci di iniziare la realizzazione del tuo nuovo abito o camicia su misura.<\/p>\n\n\n\n<div class=\"wp-block-group single_step\"><div class=\"wp-block-group__inner-container is-layout-constrained wp-block-group-is-layout-constrained\">\n<h2 class=\"wp-block-heading has-text-align-center wp-embed-aspect-16-9 wp-has-aspect-ratio\" style=\"font-size:13px\">Misura la circonferenza del torace passando con il metro sotto le ascelle e sopra i capezzoli. Assicurati che il metro sia allineato orizzontalmente. Rilassa poi le braccia sui fianchi respirando normalmente, cos\u00ec da ottenere una misura del busto corretta.<\/h2>\n\n\n\n<h3 class=\"wp-block-heading has-text-align-center wp-embed-aspect-16-9 wp-has-aspect-ratio\" style=\"font-size:48px\">CIRCONFERENZA TORACE<\/h3>\n\n\n\n<figure class=\"wp-block-embed is-type-video is-provider-youtube wp-block-embed-youtube wp-embed-aspect-16-9 wp-has-aspect-ratio\"><div class=\"wp-block-embed__wrapper\">\n<iframe loading=\"lazy\" title=\"1 Circonferenza Torace\" width=\"750\" height=\"422\" src=\"https:\/\/www.youtube.com\/embed\/Lxi8wiqUYIA?feature=oembed\" frameborder=\"0\" allow=\"accelerometer; autoplay; clipboard-write; encrypted-media; gyroscope; picture-in-picture; web-share\" referrerpolicy=\"strict-origin-when-cross-origin\" allowfullscreen><\/iframe>\n<\/div><\/figure>\n<\/div><\/div>\n\n\n\n<div class=\"wp-block-group single_step\"><div class=\"wp-block-group__inner-container is-layout-constrained wp-block-group-is-layout-constrained\">\n<h2 class=\"wp-block-heading has-text-align-center wp-embed-aspect-16-9 wp-has-aspect-ratio\" style=\"font-size:13px\">Avvolgi il metro intorno al collo, appena sotto il pomo d\u2019Adamo, mantenendo una leggera aderenza senza stringere. Evita di allungare il collo o abbassare il mento; resta rilassato per ottenere una misurazione accurata.<\/h2>\n\n\n\n<h3 class=\"wp-block-heading has-text-align-center wp-embed-aspect-16-9 wp-has-aspect-ratio\" style=\"font-size:48px\">CIRCONFERENZA COLLO<\/h3>\n\n\n\n<figure class=\"wp-block-embed is-type-video is-provider-youtube wp-block-embed-youtube wp-embed-aspect-16-9 wp-has-aspect-ratio\"><div class=\"wp-block-embed__wrapper\">\n<iframe loading=\"lazy\" title=\"2 Circonferenza Collo\" width=\"750\" height=\"422\" src=\"https:\/\/www.youtube.com\/embed\/hDYVe7aynqA?feature=oembed\" frameborder=\"0\" allow=\"accelerometer; autoplay; clipboard-write; encrypted-media; gyroscope; picture-in-picture; web-share\" referrerpolicy=\"strict-origin-when-cross-origin\" allowfullscreen><\/iframe>\n<\/div><\/figure>\n<\/div><\/div>\n\n\n\n<div class=\"wp-block-group single_step\"><div class=\"wp-block-group__inner-container is-layout-constrained wp-block-group-is-layout-constrained\">\n<h2 class=\"wp-block-heading has-text-align-center wp-embed-aspect-16-9 wp-has-aspect-ratio\" style=\"font-size:13px\">Misura la larghezza delle spalle partendo dal punto pi\u00f9 esterno della spalla sinistra (all&#8217;incirca dove sar\u00e0 posizionata la cucitura della manica) fino al punto pi\u00f9 esterno della spalla destra. Il metro non deve rimanere perfettamente dritto, ma deve seguire la naturale curvatura della schiena, passando per l\u2019osso sporgente sotto il collo.<\/h2>\n\n\n\n<h3 class=\"wp-block-heading has-text-align-center wp-embed-aspect-16-9 wp-has-aspect-ratio\" style=\"font-size:48px\">LARGHEZZA SPALLE<\/h3>\n\n\n\n<figure class=\"wp-block-embed is-type-video is-provider-youtube wp-block-embed-youtube wp-embed-aspect-16-9 wp-has-aspect-ratio\"><div class=\"wp-block-embed__wrapper\">\n<iframe loading=\"lazy\" title=\"3 Larghezza Spalle\" width=\"750\" height=\"422\" src=\"https:\/\/www.youtube.com\/embed\/ByxBzW5U8WM?feature=oembed\" frameborder=\"0\" allow=\"accelerometer; autoplay; clipboard-write; encrypted-media; gyroscope; picture-in-picture; web-share\" referrerpolicy=\"strict-origin-when-cross-origin\" allowfullscreen><\/iframe>\n<\/div><\/figure>\n<\/div><\/div>\n\n\n\n<div class=\"wp-block-group single_step\"><div class=\"wp-block-group__inner-container is-layout-constrained wp-block-group-is-layout-constrained\">\n<h2 class=\"wp-block-heading has-text-align-center wp-embed-aspect-16-9 wp-has-aspect-ratio\" style=\"font-size:13px\">Rilassa le braccia e misura la lunghezza in due passaggi: inizia dal punto in cui abbiamo interrotto la misurazione delle spalle, cio\u00e8 il punto pi\u00f9 esterno della spalla (all&#8217;incirca dove sar\u00e0 posizionata la cucitura della manica), e misura fino al gomito. Mantieni il metro in questa posizione, quindi prosegui la misurazione fino all\u2019osso del polso, seguendo il profilo laterale del braccio.<\/h2>\n\n\n\n<h3 class=\"wp-block-heading has-text-align-center wp-embed-aspect-16-9 wp-has-aspect-ratio\" style=\"font-size:48px\">LUNGHEZZA BRACCIA<\/h3>\n\n\n\n<figure class=\"wp-block-embed is-type-video is-provider-youtube wp-block-embed-youtube wp-embed-aspect-16-9 wp-has-aspect-ratio\"><div class=\"wp-block-embed__wrapper\">\n<iframe loading=\"lazy\" title=\"4 Lunghezza Braccia\" width=\"750\" height=\"422\" src=\"https:\/\/www.youtube.com\/embed\/n4wLO1P1tas?feature=oembed\" frameborder=\"0\" allow=\"accelerometer; autoplay; clipboard-write; encrypted-media; gyroscope; picture-in-picture; web-share\" referrerpolicy=\"strict-origin-when-cross-origin\" allowfullscreen><\/iframe>\n<\/div><\/figure>\n<\/div><\/div>\n\n\n\n<div class=\"wp-block-group single_step\"><div class=\"wp-block-group__inner-container is-layout-constrained wp-block-group-is-layout-constrained\">\n<h2 class=\"wp-block-heading has-text-align-center wp-embed-aspect-16-9 wp-has-aspect-ratio\" style=\"font-size:13px\">Rilassa le braccia e distendile lungo i fianchi. Misura quindi la circonferenza di entrambi i bicipiti nel punto pi\u00f9 ampio e inserisci solo il valore pi\u00f9 grande tra i due.<\/h2>\n\n\n\n<h3 class=\"wp-block-heading has-text-align-center wp-embed-aspect-16-9 wp-has-aspect-ratio\" style=\"font-size:48px\">CIRCOFERENZA BICIPITE<\/h3>\n\n\n\n<figure class=\"wp-block-embed is-type-video is-provider-youtube wp-block-embed-youtube wp-embed-aspect-16-9 wp-has-aspect-ratio\"><div class=\"wp-block-embed__wrapper\">\n<iframe loading=\"lazy\" title=\"5 Circonferenza Bicipite\" width=\"750\" height=\"422\" src=\"https:\/\/www.youtube.com\/embed\/zWAm3UXdyso?feature=oembed\" frameborder=\"0\" allow=\"accelerometer; autoplay; clipboard-write; encrypted-media; gyroscope; picture-in-picture; web-share\" referrerpolicy=\"strict-origin-when-cross-origin\" allowfullscreen><\/iframe>\n<\/div><\/figure>\n<\/div><\/div>\n\n\n\n<div class=\"wp-block-group single_step\"><div class=\"wp-block-group__inner-container is-layout-constrained wp-block-group-is-layout-constrained\">\n<h2 class=\"wp-block-heading has-text-align-center wp-embed-aspect-16-9 wp-has-aspect-ratio\" style=\"font-size:13px\">Misura la circonferenza di entrambi i polsi appena sotto l\u2019osso pi\u00f9 sporgente e inserisci il valore pi\u00f9 alto tra i due.<\/h2>\n\n\n\n<h3 class=\"wp-block-heading has-text-align-center wp-embed-aspect-16-9 wp-has-aspect-ratio\" style=\"font-size:48px\">CIRCONFERENZA POLSO<\/h3>\n\n\n\n<figure class=\"wp-block-embed is-type-video is-provider-youtube wp-block-embed-youtube wp-embed-aspect-16-9 wp-has-aspect-ratio\"><div class=\"wp-block-embed__wrapper\">\n<iframe loading=\"lazy\" title=\"6 Circonferenza polso\" width=\"750\" height=\"422\" src=\"https:\/\/www.youtube.com\/embed\/5xhU3xjC-Rw?feature=oembed\" frameborder=\"0\" allow=\"accelerometer; autoplay; clipboard-write; encrypted-media; gyroscope; picture-in-picture; web-share\" referrerpolicy=\"strict-origin-when-cross-origin\" allowfullscreen><\/iframe>\n<\/div><\/figure>\n<\/div><\/div>\n\n\n\n<div class=\"wp-block-group single_step\"><div class=\"wp-block-group__inner-container is-layout-constrained wp-block-group-is-layout-constrained\">\n<h2 class=\"wp-block-heading has-text-align-center wp-embed-aspect-16-9 wp-has-aspect-ratio\" style=\"font-size:13px\">Inclina leggermente la testa in avanti. Posiziona il metro sull&#8217;osso pi\u00f9 sporgente dietro al collo e misura fino al punto posteriore del cavallo (circa 1 cm sotto il gluteo). NB: In alternativa, puoi prendere la misura da una giacca che ti calza bene, misurando la cucitura centrale posteriore, escludendo il colletto.<\/h2>\n\n\n\n<h3 class=\"wp-block-heading has-text-align-center wp-embed-aspect-16-9 wp-has-aspect-ratio\" style=\"font-size:48px\">Lunghezza schiena<\/h3>\n\n\n\n<figure class=\"wp-block-embed is-type-video is-provider-youtube wp-block-embed-youtube wp-embed-aspect-16-9 wp-has-aspect-ratio\"><div class=\"wp-block-embed__wrapper\">\n<iframe loading=\"lazy\" title=\"7 Lunghezza Schiena\" width=\"750\" height=\"422\" src=\"https:\/\/www.youtube.com\/embed\/WJKtMZvHFQg?feature=oembed\" frameborder=\"0\" allow=\"accelerometer; autoplay; clipboard-write; encrypted-media; gyroscope; picture-in-picture; web-share\" referrerpolicy=\"strict-origin-when-cross-origin\" allowfullscreen><\/iframe>\n<\/div><\/figure>\n<\/div><\/div>\n\n\n\n<div class=\"wp-block-group single_step\"><div class=\"wp-block-group__inner-container is-layout-constrained wp-block-group-is-layout-constrained\">\n<h2 class=\"wp-block-heading has-text-align-center wp-embed-aspect-16-9 wp-has-aspect-ratio\" style=\"font-size:13px\">Rilassati e non trattenere il respiro (n\u00e9 lo pancia!). Misura la circonferenza all\u2019altezza dell\u2019ombelico, assicurandoti che il metro sia allineato orizzontalmente.<\/h2>\n\n\n\n<h3 class=\"wp-block-heading has-text-align-center wp-embed-aspect-16-9 wp-has-aspect-ratio\" style=\"font-size:48px\">Circonferenza Stomaco<\/h3>\n\n\n\n<figure class=\"wp-block-embed is-type-video is-provider-youtube wp-block-embed-youtube wp-embed-aspect-16-9 wp-has-aspect-ratio\"><div class=\"wp-block-embed__wrapper\">\n<iframe loading=\"lazy\" title=\"8 Circonferenza Stomaco\" width=\"750\" height=\"422\" src=\"https:\/\/www.youtube.com\/embed\/_5T4-2LwX2o?feature=oembed\" frameborder=\"0\" allow=\"accelerometer; autoplay; clipboard-write; encrypted-media; gyroscope; picture-in-picture; web-share\" referrerpolicy=\"strict-origin-when-cross-origin\" allowfullscreen><\/iframe>\n<\/div><\/figure>\n<\/div><\/div>\n\n\n\n<div class=\"wp-block-group single_step\"><div class=\"wp-block-group__inner-container is-layout-constrained wp-block-group-is-layout-constrained\">\n<h2 class=\"wp-block-heading has-text-align-center wp-embed-aspect-16-9 wp-has-aspect-ratio\" style=\"font-size:13px\">Misura la circonferenza della vita quattro dita sotto l\u2019ombelico, evitando anche qui di trattenere il respiro. Assicurati che il metro sia allineato orizzontalmente e che i pantaloni non interferiscano con la misurazione.<\/h2>\n\n\n\n<h3 class=\"wp-block-heading has-text-align-center wp-embed-aspect-16-9 wp-has-aspect-ratio\" style=\"font-size:48px\">Circonferenza Vita<\/h3>\n\n\n\n<figure class=\"wp-block-embed is-type-video is-provider-youtube wp-block-embed-youtube wp-embed-aspect-16-9 wp-has-aspect-ratio\"><div class=\"wp-block-embed__wrapper\">\n<iframe loading=\"lazy\" title=\"9 Circonferenza Vita\" width=\"750\" height=\"422\" src=\"https:\/\/www.youtube.com\/embed\/hrRYUURuEpA?feature=oembed\" frameborder=\"0\" allow=\"accelerometer; autoplay; clipboard-write; encrypted-media; gyroscope; picture-in-picture; web-share\" referrerpolicy=\"strict-origin-when-cross-origin\" allowfullscreen><\/iframe>\n<\/div><\/figure>\n<\/div><\/div>\n\n\n\n<div class=\"wp-block-group single_step\"><div class=\"wp-block-group__inner-container is-layout-constrained wp-block-group-is-layout-constrained\">\n<h2 class=\"wp-block-heading has-text-align-center wp-embed-aspect-16-9 wp-has-aspect-ratio\" style=\"font-size:13px\">Misura la circonferenza del bacino nel punto pi\u00f9 ampio, generalmente a met\u00e0 dell&#8217;altezza del gluteo, assicurandoti che il metro sia perfettamente allineato in orizzontale.<\/h2>\n\n\n\n<h3 class=\"wp-block-heading has-text-align-center wp-embed-aspect-16-9 wp-has-aspect-ratio\" style=\"font-size:48px\">CIRCOFERENZA BACINO<\/h3>\n\n\n\n<figure class=\"wp-block-embed is-type-video is-provider-youtube wp-block-embed-youtube wp-embed-aspect-16-9 wp-has-aspect-ratio\"><div class=\"wp-block-embed__wrapper\">\n<iframe loading=\"lazy\" title=\"10 Circonferenza Bacino\" width=\"750\" height=\"422\" src=\"https:\/\/www.youtube.com\/embed\/4RLPV2M8g8w?feature=oembed\" frameborder=\"0\" allow=\"accelerometer; autoplay; clipboard-write; encrypted-media; gyroscope; picture-in-picture; web-share\" referrerpolicy=\"strict-origin-when-cross-origin\" allowfullscreen><\/iframe>\n<\/div><\/figure>\n<\/div><\/div>\n\n\n\n<div class=\"wp-block-group single_step\"><div class=\"wp-block-group__inner-container is-layout-constrained wp-block-group-is-layout-constrained\">\n<h2 class=\"wp-block-heading has-text-align-center wp-embed-aspect-16-9 wp-has-aspect-ratio\" style=\"font-size:13px\">Misura dalla parte centrale pi\u00f9 alta della coscia, all&#8217;altezza del cavallo, fino al pavimento, seguendo la linea naturale dell&#8217;interno gamba. Assicurati che il metro rimanga aderente al corpo.<\/h2>\n\n\n\n<h3 class=\"wp-block-heading has-text-align-center wp-embed-aspect-16-9 wp-has-aspect-ratio\" style=\"font-size:48px\">LUNGHEZZA INTERNO GAMBA<\/h3>\n\n\n\n<figure class=\"wp-block-embed is-type-video is-provider-youtube wp-block-embed-youtube wp-embed-aspect-16-9 wp-has-aspect-ratio\"><div class=\"wp-block-embed__wrapper\">\n<iframe loading=\"lazy\" title=\"11 Lunghezza interno gamba\" width=\"750\" height=\"422\" src=\"https:\/\/www.youtube.com\/embed\/Ul8kFWjvTcg?feature=oembed\" frameborder=\"0\" allow=\"accelerometer; autoplay; clipboard-write; encrypted-media; gyroscope; picture-in-picture; web-share\" referrerpolicy=\"strict-origin-when-cross-origin\" allowfullscreen><\/iframe>\n<\/div><\/figure>\n<\/div><\/div>\n\n\n\n<div class=\"wp-block-group single_step\"><div class=\"wp-block-group__inner-container is-layout-constrained wp-block-group-is-layout-constrained\">\n<h2 class=\"wp-block-heading has-text-align-center wp-embed-aspect-16-9 wp-has-aspect-ratio\" style=\"font-size:13px\">Misura la circonferenza di entrambe le cosce appena sotto il cavallo ed inserisci il valore pi\u00f9 alto tra i due. Verifica che il metro sia ben allineato in orizzontale!<\/h2>\n\n\n\n<h3 class=\"wp-block-heading has-text-align-center wp-embed-aspect-16-9 wp-has-aspect-ratio\" style=\"font-size:48px\">CIRCONFERENZA COSCIA<\/h3>\n\n\n\n<figure class=\"wp-block-embed is-type-video is-provider-youtube wp-block-embed-youtube wp-embed-aspect-16-9 wp-has-aspect-ratio\"><div class=\"wp-block-embed__wrapper\">\n<iframe loading=\"lazy\" title=\"12 Circonferenza Coscia\" width=\"750\" height=\"422\" src=\"https:\/\/www.youtube.com\/embed\/tZycg-ip1nE?feature=oembed\" frameborder=\"0\" allow=\"accelerometer; autoplay; clipboard-write; encrypted-media; gyroscope; picture-in-picture; web-share\" referrerpolicy=\"strict-origin-when-cross-origin\" allowfullscreen><\/iframe>\n<\/div><\/figure>\n<\/div><\/div>\n","protected":false},"excerpt":{"rendered":"<p>PRIMA DI INIZIARE QUALCHE CONSIGLIO Questa breve guida e il nostro video tutorial ti spiegheranno come prendere le misure del corpo maschile in soli 10-15 minuti, evitando qualsiasi errore. INIZIAMO DA QUI IN 12 SEMPLICI PASSAGGI Ecco l&#8217;elenco completo delle 12 misure fondamentali e le 5 indicazioni di corporatura di cui i nostri sarti hanno&hellip; <a class=\"more-link\" href=\"https:\/\/saveonebespoke.com\/it\/come-prendere-le-misure\/\">Continue reading <span class=\"screen-reader-text\">Come prendere le misure<\/span><\/a><\/p>\n","protected":false},"author":1,"featured_media":0,"parent":0,"menu_order":0,"comment_status":"closed","ping_status":"closed","template":"","meta":{"footnotes":""},"class_list":["post-46","page","type-page","status-publish","hentry","entry"],"_links":{"self":[{"href":"https:\/\/saveonebespoke.com\/it\/wp-json\/wp\/v2\/pages\/46","targetHints":{"allow":["GET"]}}],"collection":[{"href":"https:\/\/saveonebespoke.com\/it\/wp-json\/wp\/v2\/pages"}],"about":[{"href":"https:\/\/saveonebespoke.com\/it\/wp-json\/wp\/v2\/types\/page"}],"author":[{"embeddable":true,"href":"https:\/\/saveonebespoke.com\/it\/wp-json\/wp\/v2\/users\/1"}],"replies":[{"embeddable":true,"href":"https:\/\/saveonebespoke.com\/it\/wp-json\/wp\/v2\/comments?post=46"}],"version-history":[{"count":34,"href":"https:\/\/saveonebespoke.com\/it\/wp-json\/wp\/v2\/pages\/46\/revisions"}],"predecessor-version":[{"id":442,"href":"https:\/\/saveonebespoke.com\/it\/wp-json\/wp\/v2\/pages\/46\/revisions\/442"}],"wp:attachment":[{"href":"https:\/\/saveonebespoke.com\/it\/wp-json\/wp\/v2\/media?parent=46"}],"curies":[{"name":"wp","href":"https:\/\/api.w.org\/{rel}","templated":true}]}}