{"id":553,"date":"2024-12-05T11:35:29","date_gmt":"2024-12-05T11:35:29","guid":{"rendered":"https:\/\/saveonebespoke.com\/?page_id=553"},"modified":"2024-12-05T11:35:30","modified_gmt":"2024-12-05T11:35:30","slug":"gift-card-regolamento","status":"publish","type":"page","link":"https:\/\/saveonebespoke.com\/it\/gift-card-regolamento\/","title":{"rendered":"Gift Card | Regolamento"},"content":{"rendered":"\n<p><strong>Validit\u00e0<\/strong>: Le Gift Card sono valide per 12 mesi dalla data di emissione.<\/p>\n\n\n\n<p><strong>Utilizzo in pi\u00f9 acquisti<\/strong>: L&#8217;importo della Gift Card pu\u00f2 essere speso in pi\u00f9 soluzioni, se l&#8217;importo lo consente.<\/p>\n\n\n\n<p><strong>Non rimborsabile e non convertibile<\/strong>: Le Gift Card non sono rimborsabili n\u00e9 possono essere convertite in denaro.<\/p>\n\n\n\n<p><strong>Valuta specifica<\/strong>: L&#8217;importo della Gift Card \u00e8 emesso in una specifica valuta e pu\u00f2 essere utilizzato solo in quella stessa valuta.<\/p>\n\n\n\n<p><strong>Non acquistabile<\/strong>: La Gift Card non pu\u00f2 essere utilizzata per acquistare un&#8217;altra Gift Card.<\/p>\n\n\n\n<p><strong>Pagamento della differenza<\/strong>: Se l&#8217;importo della Gift Card non copre l&#8217;intero ordine, \u00e8 necessario pagare la differenza con un altro metodo di pagamento.<\/p>\n\n\n\n<p><strong>Saldo residuo<\/strong>: Se l&#8217;importo della Gift Card \u00e8 maggiore dell&#8217;ordine, il saldo residuo verr\u00e0 archiviato nell&#8217;account dell&#8217;utente e potr\u00e0 essere utilizzato in acquisti futuri.<\/p>\n\n\n\n<p><strong>Limitazione per ordine<\/strong>: \u00c8 possibile utilizzare una sola Gift Card per ogni ordine. Non si possono utilizzare pi\u00f9 Gift Card sullo stesso ordine.<\/p>\n","protected":false},"excerpt":{"rendered":"<p>Validit\u00e0: Le Gift Card sono valide per 12 mesi dalla data di emissione. Utilizzo in pi\u00f9 acquisti: L&#8217;importo della Gift Card pu\u00f2 essere speso in pi\u00f9 soluzioni, se l&#8217;importo lo consente. Non rimborsabile e non convertibile: Le Gift Card non sono rimborsabili n\u00e9 possono essere convertite in denaro. Valuta specifica: L&#8217;importo della Gift Card \u00e8&hellip; <a class=\"more-link\" href=\"https:\/\/saveonebespoke.com\/it\/gift-card-regolamento\/\">Continue reading <span class=\"screen-reader-text\">Gift Card | Regolamento<\/span><\/a><\/p>\n","protected":false},"author":2,"featured_media":0,"parent":0,"menu_order":0,"comment_status":"closed","ping_status":"closed","template":"template-side_menu.php","meta":{"footnotes":""},"class_list":["post-553","page","type-page","status-publish","hentry","entry"],"_links":{"self":[{"href":"https:\/\/saveonebespoke.com\/it\/wp-json\/wp\/v2\/pages\/553","targetHints":{"allow":["GET"]}}],"collection":[{"href":"https:\/\/saveonebespoke.com\/it\/wp-json\/wp\/v2\/pages"}],"about":[{"href":"https:\/\/saveonebespoke.com\/it\/wp-json\/wp\/v2\/types\/page"}],"author":[{"embeddable":true,"href":"https:\/\/saveonebespoke.com\/it\/wp-json\/wp\/v2\/users\/2"}],"replies":[{"embeddable":true,"href":"https:\/\/saveonebespoke.com\/it\/wp-json\/wp\/v2\/comments?post=553"}],"version-history":[{"count":1,"href":"https:\/\/saveonebespoke.com\/it\/wp-json\/wp\/v2\/pages\/553\/revisions"}],"predecessor-version":[{"id":554,"href":"https:\/\/saveonebespoke.com\/it\/wp-json\/wp\/v2\/pages\/553\/revisions\/554"}],"wp:attachment":[{"href":"https:\/\/saveonebespoke.com\/it\/wp-json\/wp\/v2\/media?parent=553"}],"curies":[{"name":"wp","href":"https:\/\/api.w.org\/{rel}","templated":true}]}}