{"id":558,"date":"2024-12-05T11:40:27","date_gmt":"2024-12-05T11:40:27","guid":{"rendered":"https:\/\/saveonebespoke.com\/?page_id=558"},"modified":"2024-12-09T10:35:15","modified_gmt":"2024-12-09T10:35:15","slug":"recesso","status":"publish","type":"page","link":"https:\/\/saveonebespoke.com\/it\/recesso\/","title":{"rendered":"Recesso"},"content":{"rendered":"\n<p><strong>Diritto di Recesso<\/strong><\/p>\n\n\n\n<p>Per gli ordini personalizzati e su misura, si applica l\u2019art. 59, lettera c) del Codice del Consumo (&#8220;Eccezioni al diritto di recesso&#8221;), in deroga agli articoli dal 52 al 58 dello stesso Codice.<\/p>\n\n\n\n<p>Tuttavia, Saveone Srl consente il recesso dal contratto qualora il capo confezionato presenti: imperfezioni strutturali, problemi di vestibilit\u00e0 o impossibilit\u00e0 di effettuare modifiche. In questi casi, Saveone Srl provveder\u00e0 al rimborso dell&#8217;importo pagato, a condizione che vengano rispettate le condizioni indicate nella sezione Resi e rimborsi.<\/p>\n\n\n\n<p>Per poter procedere al reso, i capi dovranno essere non utilizzati e non danneggiati. Saveone Srl si riserva il diritto di rifiutare il rimborso se il capo presenta segni di utilizzo o danneggiamento, o se \u00e8 stato modificato in qualsiasi modo.<\/p>\n\n\n\n<p>Per richiedere il rimborso, seguire questi passaggi:<\/p>\n\n\n\n<ol class=\"wp-block-list\">\n<li>Scaricare il modulo di richiesta reso dalla sezione \u201cModifiche e rimborsi\u201d e compilarlo.<\/li>\n\n\n\n<li>Inviare il modulo compilato via e-mail a <a>support@saveone.it<\/a>, o via raccomandata al nostro indirizzo, allegando 3 foto del capo indossato (fronte, lato e retro), in modo che il difetto sia chiaramente visibile.<\/li>\n\n\n\n<li>Il reclamo sar\u00e0 esaminato dal team Saveone, che comunicher\u00e0 al cliente l&#8217;approvazione.<\/li>\n\n\n\n<li>Il capo da rendere deve essere restituito nell&#8217;imballaggio originale, con il modulo di approvazione reso, tramite spedizione tracciabile a:<strong>Saveone Srl, via Alberico Albricci 9, 20122 Milano<\/strong><\/li>\n\n\n\n<li>Il rimborso verr\u00e0 effettuato entro 7 giorni lavorativi dal ricevimento del capo, utilizzando lo stesso metodo di pagamento impiegato al momento dell\u2019acquisto (se possibile, ad esempio Carta di Credito o PayPal). Se ci\u00f2 non fosse possibile, il cliente dovr\u00e0 fornire le coordinate bancarie nel modulo di reso per ricevere il rimborso.<\/li>\n<\/ol>\n\n\n\n<p>Le spedizioni che non rispettano le condizioni sopra riportate verranno restituite al mittente senza alcun rimborso.<\/p>\n\n\n\n<p><strong>Ulteriori informazioni<\/strong>:<\/p>\n\n\n\n<ul class=\"wp-block-list\">\n<li>L\u2019oggetto restituito deve essere integro (non usato, completo di imballaggio e accessori originali) e accompagnato dal modulo di reso approvato.<\/li>\n\n\n\n<li>Per i resi internazionali, si prega di dichiarare il contenuto come &#8220;Reso&#8221;, indicando il prezzo pagato per l&#8217;acquisto. Tutti i costi di spedizione e doganali sono a carico del cliente.<\/li>\n\n\n\n<li>Se tutte le condizioni sono rispettate, il cliente ha diritto al rimborso dell&#8217;intero importo, escluse le spese di spedizione. Coupon o Buoni Sconto utilizzati saranno sostituiti con nuovi Coupon o Buoni Sconto per futuri acquisti.<\/li>\n\n\n\n<li>Se l&#8217;ordine \u00e8 stato parte di una promozione, tutti gli articoli acquistati devono essere restituiti per ottenere il rimborso completo. Gli articoli non restituiti verranno addebitati al valore di mercato pieno.<\/li>\n<\/ul>\n\n\n\n<p>I resi saranno accettati solo previa comunicazione tramite email a <a>bespoke@saveone.it<\/a> o raccomandata.<\/p>\n\n\n\n<p>Per ulteriori informazioni: <a>bespoke@saveone.it<\/a> o +39 0249401425.<br>Grazie per la collaborazione.<\/p>\n","protected":false},"excerpt":{"rendered":"<p>Diritto di Recesso Per gli ordini personalizzati e su misura, si applica l\u2019art. 59, lettera c) del Codice del Consumo (&#8220;Eccezioni al diritto di recesso&#8221;), in deroga agli articoli dal 52 al 58 dello stesso Codice. Tuttavia, Saveone Srl consente il recesso dal contratto qualora il capo confezionato presenti: imperfezioni strutturali, problemi di vestibilit\u00e0 o&hellip; <a class=\"more-link\" href=\"https:\/\/saveonebespoke.com\/it\/recesso\/\">Continue reading <span class=\"screen-reader-text\">Recesso<\/span><\/a><\/p>\n","protected":false},"author":2,"featured_media":0,"parent":0,"menu_order":0,"comment_status":"closed","ping_status":"closed","template":"template-side_menu.php","meta":{"footnotes":""},"class_list":["post-558","page","type-page","status-publish","hentry","entry"],"_links":{"self":[{"href":"https:\/\/saveonebespoke.com\/it\/wp-json\/wp\/v2\/pages\/558","targetHints":{"allow":["GET"]}}],"collection":[{"href":"https:\/\/saveonebespoke.com\/it\/wp-json\/wp\/v2\/pages"}],"about":[{"href":"https:\/\/saveonebespoke.com\/it\/wp-json\/wp\/v2\/types\/page"}],"author":[{"embeddable":true,"href":"https:\/\/saveonebespoke.com\/it\/wp-json\/wp\/v2\/users\/2"}],"replies":[{"embeddable":true,"href":"https:\/\/saveonebespoke.com\/it\/wp-json\/wp\/v2\/comments?post=558"}],"version-history":[{"count":2,"href":"https:\/\/saveonebespoke.com\/it\/wp-json\/wp\/v2\/pages\/558\/revisions"}],"predecessor-version":[{"id":598,"href":"https:\/\/saveonebespoke.com\/it\/wp-json\/wp\/v2\/pages\/558\/revisions\/598"}],"wp:attachment":[{"href":"https:\/\/saveonebespoke.com\/it\/wp-json\/wp\/v2\/media?parent=558"}],"curies":[{"name":"wp","href":"https:\/\/api.w.org\/{rel}","templated":true}]}}