{"id":577,"date":"2024-12-09T09:14:55","date_gmt":"2024-12-09T09:14:55","guid":{"rendered":"https:\/\/saveonebespoke.com\/?page_id=577"},"modified":"2024-12-09T10:36:34","modified_gmt":"2024-12-09T10:36:34","slug":"condizioni-generali-di-vendita","status":"publish","type":"page","link":"https:\/\/saveonebespoke.com\/it\/condizioni-generali-di-vendita\/","title":{"rendered":"Condizioni generali di vendita"},"content":{"rendered":"\n<ol class=\"wp-block-list\">\n<li><strong>Definizione e oggetto del contratto<\/strong><\/li>\n<\/ol>\n\n\n\n<p>1.1 Il presente contratto (di seguito denominato &#8220;Contratto&#8221;), che si configura come un contratto a distanza, \u00e8 regolato ai sensi dell&#8217;art. 50 del D.Lgs. 6 settembre 2005, n. 206 (&#8220;Codice del Consumo&#8221;). L&#8217;oggetto del Contratto \u00e8 la vendita di beni mobili tra la Societ\u00e0 Saveone S.r.l., con sede in via Sant&#8217;Agata di Esaro 21, P.IVA 14808891007, \u201cSaveone\u201d e il consumatore il \u201cCliente\u201d. Il Contratto si considera concluso nel momento in cui Saveone accetta una proposta di acquisto fatta dal Cliente, tramite telefono o tramite il sito web www.saveonebespoke.com (\u201cSito\u201d) e\/o altri sistemi di vendita a distanza messi a disposizione da Saveone, in base alle modalit\u00e0 descritte nel successivo articolo 3.<\/p>\n\n\n\n<p>1.2 Le presenti condizioni generali di vendita (\u201cCondizioni Generali\u201d) e, in particolare, le informazioni di cui all\u2019art. 59 del Codice del Consumo, fornite da Saveone durante il processo di acquisto, sia telefonicamente che tramite il Sito, rimarranno valide ed efficaci finch\u00e9 non saranno modificate o integrate da Saveone. Eventuali modifiche saranno efficaci dalla data in cui saranno comunicate pubblicamente e si applicheranno agli acquisti effettuati a partire da quella data. L&#8217;ultima versione aggiornata delle Condizioni Generali \u00e8 sempre disponibile sul Sito.<\/p>\n\n\n\n<ol start=\"2\" class=\"wp-block-list\">\n<li><strong>Prezzi<\/strong><\/li>\n<\/ol>\n\n\n\n<p>2.1 I prezzi di vendita dei prodotti mostrati durante la vendita, sul Sito e\/o tramite eventuali altri canali di vendita a distanza di Saveone, sono comprensivi di IVA e\/o di ogni altra imposta applicabile. Le spese di spedizione sono indicate durante il processo di acquisto, sul Sito e\/o tramite gli altri canali di vendita a distanza di Saveone.<\/p>\n\n\n\n<p>2.2 I prezzi dei prodotti sono comprensivi di IVA e di tutte le eventuali imposte. Alla fine del processo di acquisto potrebbe essere aggiunto il costo della spedizione, in base all&#8217;indirizzo fornito dal Cliente.<\/p>\n\n\n\n<ol start=\"3\" class=\"wp-block-list\">\n<li><strong>Modalit\u00e0 di acquisto e pagamento<\/strong><\/li>\n<\/ol>\n\n\n\n<p>3.1 Il Contratto si considera perfezionato al momento del pagamento, quando Saveone invia la conferma d&#8217;ordine al Cliente.<\/p>\n\n\n\n<p>3.2 Il Cliente ha un termine di 24 ore per recedere dal Contratto e ottenere il rimborso completo, senza penalit\u00e0 e senza obbligo di giustificare la decisione. Trascorso questo termine, non sar\u00e0 pi\u00f9 possibile annullare l&#8217;ordine, poich\u00e9 sar\u00e0 iniziato il processo di elaborazione e produzione del capo su misura.<\/p>\n\n\n\n<p>3.3 Il Cliente pu\u00f2 scegliere tra le seguenti modalit\u00e0 di pagamento: carta di credito, prepagata, PayPal, bonifico bancario o altri metodi indicati di volta in volta da Saveone tramite il Sito o altri canali di vendita. Non saranno applicate commissioni sui metodi di pagamento scelti.<\/p>\n\n\n\n<p>3.4 Se il Cliente acquista pi\u00f9 capi della stessa categoria per la prima volta, Saveone produrr\u00e0 inizialmente un solo capo (previo accordo con il Cliente), per verificarne la vestibilit\u00e0. Una volta confermata la vestibilit\u00e0, Saveone proceder\u00e0 con la produzione degli altri capi.<\/p>\n\n\n\n<p>3.5 \u00c8 vietato creare pi\u00f9 profili per una singola persona fisica e\/o per lo stesso set di misure anatomiche. I profili non conformi a questa norma verranno sospesi, e i diritti di recesso\/rimborso per ordini effettuati tramite profili irregolari saranno annullati. Se sono stati utilizzati codici sconto su profili irregolari, sar\u00e0 richiesto il pagamento dell&#8217;importo corrispondente allo sconto applicato. In caso di mancato saldo, l&#8217;ordine non verr\u00e0 spedito.<\/p>\n\n\n\n<ol start=\"4\" class=\"wp-block-list\">\n<li><strong>Consegna dei prodotti \u2013 Reclami<\/strong><\/li>\n<\/ol>\n\n\n\n<p>4.1 I tempi per la produzione del capo su misura vengono comunicati al momento della selezione del prodotto. Saveone si impegna a consegnare i prodotti all&#8217;indirizzo indicato dal Cliente entro 35 giorni dalla conclusione del Contratto*. Durante la produzione del capo, il Cliente pu\u00f2 seguire l&#8217;avanzamento dell&#8217;ordine tramite il proprio account sul Sito (Account \u2013 Ordini).<\/p>\n\n\n\n<ul class=\"wp-block-list\">\n<li>I tempi di spedizione possono variare in base al metodo di pagamento e alla conferma delle misure anatomiche. Durante le festivit\u00e0 nazionali potrebbero verificarsi ritardi legati alla chiusura degli stabilimenti. Eventuali modifiche ai tempi di consegna saranno comunicate via email.<\/li>\n<\/ul>\n\n\n\n<p>4.2 Una volta spedito il prodotto, il Cliente ricever\u00e0 una email contenente il numero di tracciamento per monitorare lo stato della consegna.<\/p>\n\n\n\n<p>4.3 Se il Cliente non riceve il prodotto o se si verificano ritardi non notificati, pu\u00f2 seguire le istruzioni nella sezione \u201cSpedizioni\u201d o contattare il Servizio Clienti tramite i canali indicati nella sezione \u201cContattaci\u201d.<\/p>\n\n\n\n<p>4.4 Ogni prodotto Saveone \u00e8 realizzato tramite un processo di produzione non industriale. Pertanto, \u00e8 prevista una tolleranza di variazione di 1 cm rispetto alle misure del capo rispetto ai modelli di riferimento.<\/p>\n\n\n\n<p>4.5 Saveone si impegna a fornire immagini realistiche dei propri prodotti, tuttavia, a causa delle diverse impostazioni dei dispositivi e della resa digitale delle immagini, la rappresentazione online potrebbe non essere completamente fedele alla realt\u00e0. Acquistando, il Cliente accetta che possano esserci lievi discrepanze.<\/p>\n\n\n\n<p>4.6 Eventuali reclami devono essere inviati all&#8217;indirizzo: Saveone S.r.l., via Alberico Albricci 9, Milano (20122).<\/p>\n\n\n\n<ol start=\"5\" class=\"wp-block-list\">\n<li><strong>Obblighi del Cliente<\/strong><\/li>\n<\/ol>\n\n\n\n<p>5.1 Il Cliente dichiara e garantisce: (i) di essere un consumatore ai sensi dell&#8217;art. 3 del Codice del Consumo; (ii) di essere maggiorenne; (iii) che i dati forniti per l&#8217;esecuzione del Contratto sono corretti e veritieri.<\/p>\n\n\n\n<ol start=\"6\" class=\"wp-block-list\">\n<li><strong>Diritto di recesso<\/strong><\/li>\n<\/ol>\n\n\n\n<p>6.1 Il Cliente ha il diritto di recedere dal Contratto senza penalit\u00e0 e senza giustificazione, entro 24 ore dalla ricezione della conferma d&#8217;ordine. Per esercitare il diritto di recesso, il Cliente deve comunicare telefonicamente o tramite email la propria intenzione di recedere. Una volta avviato il processo di produzione del capo su misura, non sar\u00e0 possibile interromperlo.<\/p>\n\n\n\n<p>6.2 Ai sensi dell&#8217;art. 59, comma 2, del Codice del Consumo, il Cliente non ha diritto di recesso in caso di acquisto di prodotti confezionati su misura o personalizzati.<\/p>\n\n\n\n<p>Saveone offre la possibilit\u00e0 di restituire l&#8217;importo speso, previa restituzione del prodotto entro 30 giorni dalla spedizione, nel caso in cui il capo presenti difetti strutturali, problemi di vestibilit\u00e0 o non possa essere modificato. Le condizioni sono specificate nella sezione &#8220;Resi e Rimborsi&#8221;.<\/p>\n\n\n\n<p>In caso di restituzione, il Cliente deve seguire questi passaggi:<\/p>\n\n\n\n<ul class=\"wp-block-list\">\n<li>Scaricare e compilare il modulo di richiesta rimborso disponibile nella sezione \u201cModifiche e Rimborsi\u201d e inviarlo via email a <a>bespoke@saveone.it<\/a> o tramite raccomandata all&#8217;indirizzo indicato, allegando 3 foto del capo indossato (vista frontale, laterale, posteriore) per documentare il difetto.<\/li>\n\n\n\n<li>Il reclamo sar\u00e0 esaminato dai nostri esperti, che comunicheranno l&#8217;eventuale approvazione.<\/li>\n\n\n\n<li>Il prodotto da restituire deve essere imballato nel suo imballaggio originale e inviato a proprie spese, con spedizione tracciabile, all&#8217;indirizzo: Saveone S.r.l., Via Alberico Albricci 9, Milano (20122).<\/li>\n<\/ul>\n\n\n\n<p>Il rimborso verr\u00e0 effettuato entro 7 giorni lavorativi dal ricevimento del prodotto, utilizzando lo stesso metodo di pagamento usato per l&#8217;acquisto, se possibile (Carta di Credito, PayPal). In caso contrario, il Cliente dovr\u00e0 fornire le coordinate bancarie per il rimborso.<\/p>\n\n\n\n<p>6.3 Prodotti restituiti senza seguire la procedura descritta non saranno accettati e saranno rispediti al mittente senza alcun rimborso.<\/p>\n\n\n\n<p>6.4 Il prodotto restituito deve essere integro, non utilizzato, e completo di tutti gli imballi e accessori originali, insieme al modulo di reso approvato.<\/p>\n\n\n\n<p>6.5 Se le condizioni sopra riportate sono rispettate, l&#8217;acquirente avr\u00e0 diritto al rimborso completo dell&#8217;importo speso, escluso il costo di spedizione. I coupon o buoni sconto utilizzati per l&#8217;acquisto saranno sostituiti con nuovi coupon o buoni sconto da usare per futuri acquisti. Se gli articoli acquistati fanno parte di una promozione, il Cliente dovr\u00e0 restituirli tutti per ricevere il rimborso completo.<\/p>\n\n\n\n<ol start=\"7\" class=\"wp-block-list\">\n<li><strong>Foro competente<\/strong><\/li>\n<\/ol>\n\n\n\n<p>7.1 Il Contratto \u00e8 regolato dalla legge italiana.<\/p>\n\n\n\n<p>7.2 Qualsiasi controversia relativa all&#8217;applicazione, esecuzione, interpretazione e violazione del Contratto sar\u00e0 di competenza del Foro in cui il Cliente ha la residenza o il domicilio, se situati in Italia, o del Foro di Milano, qualora il Cliente abbia residenza o domicilio all&#8217;estero.<\/p>\n","protected":false},"excerpt":{"rendered":"<p>1.1 Il presente contratto (di seguito denominato &#8220;Contratto&#8221;), che si configura come un contratto a distanza, \u00e8 regolato ai sensi dell&#8217;art. 50 del D.Lgs. 6 settembre 2005, n. 206 (&#8220;Codice del Consumo&#8221;). L&#8217;oggetto del Contratto \u00e8 la vendita di beni mobili tra la Societ\u00e0 Saveone S.r.l., con sede in via Sant&#8217;Agata di Esaro 21, P.IVA&hellip; <a class=\"more-link\" href=\"https:\/\/saveonebespoke.com\/it\/condizioni-generali-di-vendita\/\">Continue reading <span class=\"screen-reader-text\">Condizioni generali di vendita<\/span><\/a><\/p>\n","protected":false},"author":2,"featured_media":0,"parent":0,"menu_order":0,"comment_status":"closed","ping_status":"closed","template":"template-side_menu.php","meta":{"footnotes":""},"class_list":["post-577","page","type-page","status-publish","hentry","entry"],"_links":{"self":[{"href":"https:\/\/saveonebespoke.com\/it\/wp-json\/wp\/v2\/pages\/577","targetHints":{"allow":["GET"]}}],"collection":[{"href":"https:\/\/saveonebespoke.com\/it\/wp-json\/wp\/v2\/pages"}],"about":[{"href":"https:\/\/saveonebespoke.com\/it\/wp-json\/wp\/v2\/types\/page"}],"author":[{"embeddable":true,"href":"https:\/\/saveonebespoke.com\/it\/wp-json\/wp\/v2\/users\/2"}],"replies":[{"embeddable":true,"href":"https:\/\/saveonebespoke.com\/it\/wp-json\/wp\/v2\/comments?post=577"}],"version-history":[{"count":1,"href":"https:\/\/saveonebespoke.com\/it\/wp-json\/wp\/v2\/pages\/577\/revisions"}],"predecessor-version":[{"id":578,"href":"https:\/\/saveonebespoke.com\/it\/wp-json\/wp\/v2\/pages\/577\/revisions\/578"}],"wp:attachment":[{"href":"https:\/\/saveonebespoke.com\/it\/wp-json\/wp\/v2\/media?parent=577"}],"curies":[{"name":"wp","href":"https:\/\/api.w.org\/{rel}","templated":true}]}}